{"id":70,"date":"2021-07-15T10:40:40","date_gmt":"2021-07-15T10:40:40","guid":{"rendered":"http:\/\/www.cuvac.cz\/?page_id=70"},"modified":"2026-02-09T11:39:24","modified_gmt":"2026-02-09T11:39:24","slug":"stenata","status":"publish","type":"page","link":"https:\/\/www.cuvac.cz\/index.php\/stenata\/","title":{"rendered":"\u0160t\u011b\u0148ata"},"content":{"rendered":"\n<p class=\"has-text-align-center\"><a href=\"https:\/\/www.cuvac.cz\/index.php\/vrh-d\/\">Vrh &#8222;D&#8220;<\/a><\/p>\n\n\n\n<p class=\"has-text-align-center\">Acyra B\u00cdL\u00dd KAM\u00cdNEK  X Agar P\u00cdSKOV\u00c9 N\u00c1VR\u0160\u00cd<\/p>\n\n\n\n<p><\/p>\n\n\n\n<p><strong>Datum kryt\u00ed:<\/strong> 30. 11. 2025<\/p>\n\n\n\n<p><strong>Datum narozen\u00ed:<\/strong> 29. 1. 2026<\/p>\n\n\n\n<p><strong>P\u0159edpokl\u00e1dan\u00fd datum odb\u011bru:<\/strong> od 23. 3. 2026<\/p>\n\n\n\n<p>v\u00edce na:  <a href=\"https:\/\/www.cuvac.cz\/index.php\/vrh-d\/\">Vrh &#8222;D&#8220;<\/a><\/p>\n\n\n\n<p><\/p>\n\n\n\n<div class=\"wp-block-group\"><div class=\"wp-block-group__inner-container is-layout-flow wp-block-group-is-layout-flow\">\n<div class=\"wp-block-group\"><div class=\"wp-block-group__inner-container is-layout-flow wp-block-group-is-layout-flow\"><\/div><\/div>\n<\/div><\/div>\n","protected":false},"excerpt":{"rendered":"<p>Vrh &#8222;D&#8220; Acyra B\u00cdL\u00dd KAM\u00cdNEK X Agar P\u00cdSKOV\u00c9 N\u00c1VR\u0160\u00cd Datum kryt\u00ed: 30. 11. 2025 Datum narozen\u00ed: 29. 1. 2026 P\u0159edpokl\u00e1dan\u00fd datum odb\u011bru: od 23. 3. 2026 v\u00edce na: Vrh &#8222;D&#8220;<\/p>\n","protected":false},"author":1,"featured_media":66,"parent":0,"menu_order":0,"comment_status":"closed","ping_status":"closed","template":"","meta":{"ngg_post_thumbnail":0,"_vp_format_video_url":"","_vp_image_focal_point":[],"footnotes":""},"class_list":["post-70","page","type-page","status-publish","has-post-thumbnail","hentry"],"_links":{"self":[{"href":"https:\/\/www.cuvac.cz\/index.php\/wp-json\/wp\/v2\/pages\/70","targetHints":{"allow":["GET"]}}],"collection":[{"href":"https:\/\/www.cuvac.cz\/index.php\/wp-json\/wp\/v2\/pages"}],"about":[{"href":"https:\/\/www.cuvac.cz\/index.php\/wp-json\/wp\/v2\/types\/page"}],"author":[{"embeddable":true,"href":"https:\/\/www.cuvac.cz\/index.php\/wp-json\/wp\/v2\/users\/1"}],"replies":[{"embeddable":true,"href":"https:\/\/www.cuvac.cz\/index.php\/wp-json\/wp\/v2\/comments?post=70"}],"version-history":[{"count":43,"href":"https:\/\/www.cuvac.cz\/index.php\/wp-json\/wp\/v2\/pages\/70\/revisions"}],"predecessor-version":[{"id":1105,"href":"https:\/\/www.cuvac.cz\/index.php\/wp-json\/wp\/v2\/pages\/70\/revisions\/1105"}],"wp:featuredmedia":[{"embeddable":true,"href":"https:\/\/www.cuvac.cz\/index.php\/wp-json\/wp\/v2\/media\/66"}],"wp:attachment":[{"href":"https:\/\/www.cuvac.cz\/index.php\/wp-json\/wp\/v2\/media?parent=70"}],"curies":[{"name":"wp","href":"https:\/\/api.w.org\/{rel}","templated":true}]}}