{"id":34,"date":"2021-07-15T05:50:40","date_gmt":"2021-07-15T05:50:40","guid":{"rendered":"http:\/\/www.cuvac.cz\/?page_id=34"},"modified":"2023-06-26T19:56:05","modified_gmt":"2023-06-26T19:56:05","slug":"domu","status":"publish","type":"page","link":"https:\/\/www.cuvac.cz\/","title":{"rendered":"Chovatelsk\u00e1 stanice B\u00cdL\u00dd KAM\u00cdNEK"},"content":{"rendered":"\n<h2 class=\"has-text-align-center wp-block-heading\">V\u00edt\u00e1me V\u00e1s na str\u00e1nk\u00e1ch na\u0161\u00ed chovatelsk\u00e9 stanice. Jsme rodina, kter\u00e1 se p\u0159ed lety zamilovala do plemena Slovensk\u00fdch \u010duva\u010d\u016f. <\/h2>\n\n\n\n<ul class=\"wp-block-social-links is-layout-flex wp-block-social-links-is-layout-flex\">\n\n\n\n\n\n\n\n<\/ul>\n\n\n\n<p><a rel=\"noreferrer noopener\" href=\"https:\/\/www.hundund.de\/hunderassen\/\" target=\"_blank\"><\/a><a rel=\"noreferrer noopener\" href=\"https:\/\/www.hundund.de\/hunderassen\/\" target=\"_blank\"><\/a><\/p>\n","protected":false},"excerpt":{"rendered":"<p>V\u00edt\u00e1me V\u00e1s na str\u00e1nk\u00e1ch na\u0161\u00ed chovatelsk\u00e9 stanice. Jsme rodina, kter\u00e1 se p\u0159ed lety zamilovala do plemena Slovensk\u00fdch \u010duva\u010d\u016f.<\/p>\n","protected":false},"author":1,"featured_media":0,"parent":0,"menu_order":0,"comment_status":"closed","ping_status":"closed","template":"","meta":{"ngg_post_thumbnail":0,"_vp_format_video_url":"","_vp_image_focal_point":[],"footnotes":""},"class_list":["post-34","page","type-page","status-publish","hentry"],"_links":{"self":[{"href":"https:\/\/www.cuvac.cz\/index.php\/wp-json\/wp\/v2\/pages\/34","targetHints":{"allow":["GET"]}}],"collection":[{"href":"https:\/\/www.cuvac.cz\/index.php\/wp-json\/wp\/v2\/pages"}],"about":[{"href":"https:\/\/www.cuvac.cz\/index.php\/wp-json\/wp\/v2\/types\/page"}],"author":[{"embeddable":true,"href":"https:\/\/www.cuvac.cz\/index.php\/wp-json\/wp\/v2\/users\/1"}],"replies":[{"embeddable":true,"href":"https:\/\/www.cuvac.cz\/index.php\/wp-json\/wp\/v2\/comments?post=34"}],"version-history":[{"count":5,"href":"https:\/\/www.cuvac.cz\/index.php\/wp-json\/wp\/v2\/pages\/34\/revisions"}],"predecessor-version":[{"id":682,"href":"https:\/\/www.cuvac.cz\/index.php\/wp-json\/wp\/v2\/pages\/34\/revisions\/682"}],"wp:attachment":[{"href":"https:\/\/www.cuvac.cz\/index.php\/wp-json\/wp\/v2\/media?parent=34"}],"curies":[{"name":"wp","href":"https:\/\/api.w.org\/{rel}","templated":true}]}}